{"id":2018,"date":"2023-11-15T01:13:18","date_gmt":"2023-11-15T06:13:18","guid":{"rendered":"https:\/\/duelingnexus.com\/blog\/?page_id=2018"},"modified":"2023-11-15T01:16:06","modified_gmt":"2023-11-15T06:16:06","slug":"dueling-nexus-juego-gratuito-de-yu-gi-oh-online","status":"publish","type":"page","link":"https:\/\/duelingnexus.com\/blog\/dueling-nexus-juego-gratuito-de-yu-gi-oh-online\/","title":{"rendered":"Dueling Nexus &#8211; Juego gratuito de Yu-Gi-Oh! Online"},"content":{"rendered":"\n<figure class=\"wp-block-image size-large\"><img loading=\"lazy\" decoding=\"async\" width=\"1024\" height=\"576\" src=\"https:\/\/duelingnexus.com\/blog\/wp-content\/uploads\/2023\/05\/Yugioh-Game-1024x576.png\" alt=\"Juego gratuito de Yu-Gi-Oh! Online\" class=\"wp-image-958\" srcset=\"https:\/\/duelingnexus.com\/blog\/wp-content\/uploads\/2023\/05\/Yugioh-Game-1024x576.png 1024w, https:\/\/duelingnexus.com\/blog\/wp-content\/uploads\/2023\/05\/Yugioh-Game-300x169.png 300w, https:\/\/duelingnexus.com\/blog\/wp-content\/uploads\/2023\/05\/Yugioh-Game-768x432.png 768w, https:\/\/duelingnexus.com\/blog\/wp-content\/uploads\/2023\/05\/Yugioh-Game-1536x864.png 1536w, https:\/\/duelingnexus.com\/blog\/wp-content\/uploads\/2023\/05\/Yugioh-Game-500x281.png 500w, https:\/\/duelingnexus.com\/blog\/wp-content\/uploads\/2023\/05\/Yugioh-Game-800x450.png 800w, https:\/\/duelingnexus.com\/blog\/wp-content\/uploads\/2023\/05\/Yugioh-Game-1280x720.png 1280w, https:\/\/duelingnexus.com\/blog\/wp-content\/uploads\/2023\/05\/Yugioh-Game-48x27.png 48w, https:\/\/duelingnexus.com\/blog\/wp-content\/uploads\/2023\/05\/Yugioh-Game.png 1920w\" sizes=\"auto, (max-width: 1024px) 100vw, 1024px\" \/><\/figure>\n\n\n\n<p class=\"has-text-align-justify\">Dueling Nexus es un juego gratis en linea de Yu-Gi-Oh! Dueling Nexus est\u00e1 automatizado, lo que lo convierte en la plataforma perfecta para probar cartas y aprender el juego, ya que es imposible hacer un movimiento inv\u00e1lido, esto tambi\u00e9n hace que sea imposible para sus oponentes hacer trampa.<\/p>\n\n\n\n<p class=\"has-text-align-justify\">Dueling Nexus funciona en todos los principales sistemas operativos, incluidos Windows, Mac, Linux, Android, iOS, Chrome OS y otros. Debido a sus bajos requisitos de energ\u00eda, casi cualquier dispositivo es capaz de jugar en Dueling Nexus a buenas velocidades.<\/p>\n\n\n\n<p class=\"has-text-align-justify\">Dueling Nexus se actualiza con frecuencia, se agregan nuevas cartas poco despu\u00e9s de ser anunciadas, mucho antes de que se impriman y publiquen para el p\u00fablico en general. Esto les da a nuestros jugadores una oportunidad \u00fanica de probar nuevas cartas antes de que decidan comprarlas.<\/p>\n\n\n\n<p class=\"has-text-align-justify\">Nexus AI es un robot de duelo avanzado que los jugadores pueden usar para probar sus mazos. Nexus AI puede usar m\u00e1s de 30 mazos \u00fanicos. Para luchar contra la AI, comienza creando un mazo en nuestro Editor de Deck y luego ve a la Zona de Duelo y haz clic en: Jugar contra un bot b\u00e1sico.<\/p>\n","protected":false},"excerpt":{"rendered":"<p>Dueling Nexus es un juego gratis en linea de Yu-Gi-Oh! Dueling Nexus est\u00e1 automatizado, lo que lo convierte en la&#8230;<\/p>\n","protected":false},"author":1,"featured_media":0,"parent":0,"menu_order":0,"comment_status":"closed","ping_status":"closed","template":"","meta":{"_editorskit_title_hidden":false,"_editorskit_reading_time":0,"_editorskit_is_block_options_detached":false,"_editorskit_block_options_position":"{}","ghostkit_customizer_options":"","ghostkit_custom_css":"","ghostkit_custom_js_head":"","ghostkit_custom_js_foot":"","ghostkit_typography":"","_vp_format_video_url":"","_vp_image_focal_point":[],"footnotes":""},"class_list":["post-2018","page","type-page","status-publish","hentry"],"yoast_head":"<!-- This site is optimized with the Yoast SEO plugin v27.4 - https:\/\/yoast.com\/product\/yoast-seo-wordpress\/ -->\n<title>Dueling Nexus - Juego gratuito de Yu-Gi-Oh! Online<\/title>\n<meta name=\"description\" content=\"Dueling Nexus es un juego gratis en linea de Yu-Gi-Oh! Dueling Nexus est\u00e1 automatizado, lo que lo convierte en la plataforma perfecta para probar cartas y aprender el juego.\" \/>\n<meta name=\"robots\" content=\"index, follow, max-snippet:-1, max-image-preview:large, max-video-preview:-1\" \/>\n<link rel=\"canonical\" href=\"https:\/\/duelingnexus.com\/blog\/dueling-nexus-juego-gratuito-de-yu-gi-oh-online\/\" \/>\n<meta property=\"og:locale\" content=\"en_US\" \/>\n<meta property=\"og:type\" content=\"article\" \/>\n<meta property=\"og:title\" content=\"Dueling Nexus - Juego gratuito de Yu-Gi-Oh! Online\" \/>\n<meta property=\"og:description\" content=\"Dueling Nexus es un juego gratis en linea de Yu-Gi-Oh! Dueling Nexus est\u00e1 automatizado, lo que lo convierte en la plataforma perfecta para probar cartas y aprender el juego.\" \/>\n<meta property=\"og:url\" content=\"https:\/\/duelingnexus.com\/blog\/dueling-nexus-juego-gratuito-de-yu-gi-oh-online\/\" \/>\n<meta property=\"og:site_name\" content=\"Yu-Gi-Oh! Dueling Nexus - Free Yu-Gi-Oh! Online Game\" \/>\n<meta property=\"article:publisher\" content=\"https:\/\/www.facebook.com\/DuelingNexusOfficial\/\" \/>\n<meta property=\"article:modified_time\" content=\"2023-11-15T06:16:06+00:00\" \/>\n<meta property=\"og:image\" content=\"https:\/\/duelingnexus.com\/blog\/wp-content\/uploads\/2023\/05\/Yugioh-Game-1024x576.png\" \/>\n<meta name=\"twitter:card\" content=\"summary_large_image\" \/>\n<meta name=\"twitter:site\" content=\"@Dueling_Nexus\" \/>\n<meta name=\"twitter:label1\" content=\"Est. reading time\" \/>\n\t<meta name=\"twitter:data1\" content=\"2 minutes\" \/>\n<script type=\"application\/ld+json\" class=\"yoast-schema-graph\">{\"@context\":\"https:\\\/\\\/schema.org\",\"@graph\":[{\"@type\":\"WebPage\",\"@id\":\"https:\\\/\\\/duelingnexus.com\\\/blog\\\/dueling-nexus-juego-gratuito-de-yu-gi-oh-online\\\/\",\"url\":\"https:\\\/\\\/duelingnexus.com\\\/blog\\\/dueling-nexus-juego-gratuito-de-yu-gi-oh-online\\\/\",\"name\":\"Dueling Nexus - Juego gratuito de Yu-Gi-Oh! Online\",\"isPartOf\":{\"@id\":\"https:\\\/\\\/duelingnexus.com\\\/blog\\\/#website\"},\"primaryImageOfPage\":{\"@id\":\"https:\\\/\\\/duelingnexus.com\\\/blog\\\/dueling-nexus-juego-gratuito-de-yu-gi-oh-online\\\/#primaryimage\"},\"image\":{\"@id\":\"https:\\\/\\\/duelingnexus.com\\\/blog\\\/dueling-nexus-juego-gratuito-de-yu-gi-oh-online\\\/#primaryimage\"},\"thumbnailUrl\":\"https:\\\/\\\/duelingnexus.com\\\/blog\\\/wp-content\\\/uploads\\\/2023\\\/05\\\/Yugioh-Game-1024x576.png\",\"datePublished\":\"2023-11-15T06:13:18+00:00\",\"dateModified\":\"2023-11-15T06:16:06+00:00\",\"description\":\"Dueling Nexus es un juego gratis en linea de Yu-Gi-Oh! Dueling Nexus est\u00e1 automatizado, lo que lo convierte en la plataforma perfecta para probar cartas y aprender el juego.\",\"breadcrumb\":{\"@id\":\"https:\\\/\\\/duelingnexus.com\\\/blog\\\/dueling-nexus-juego-gratuito-de-yu-gi-oh-online\\\/#breadcrumb\"},\"inLanguage\":\"en-CA\",\"potentialAction\":[{\"@type\":\"ReadAction\",\"target\":[\"https:\\\/\\\/duelingnexus.com\\\/blog\\\/dueling-nexus-juego-gratuito-de-yu-gi-oh-online\\\/\"]}]},{\"@type\":\"ImageObject\",\"inLanguage\":\"en-CA\",\"@id\":\"https:\\\/\\\/duelingnexus.com\\\/blog\\\/dueling-nexus-juego-gratuito-de-yu-gi-oh-online\\\/#primaryimage\",\"url\":\"https:\\\/\\\/duelingnexus.com\\\/blog\\\/wp-content\\\/uploads\\\/2023\\\/05\\\/Yugioh-Game.png\",\"contentUrl\":\"https:\\\/\\\/duelingnexus.com\\\/blog\\\/wp-content\\\/uploads\\\/2023\\\/05\\\/Yugioh-Game.png\",\"width\":1920,\"height\":1080},{\"@type\":\"BreadcrumbList\",\"@id\":\"https:\\\/\\\/duelingnexus.com\\\/blog\\\/dueling-nexus-juego-gratuito-de-yu-gi-oh-online\\\/#breadcrumb\",\"itemListElement\":[{\"@type\":\"ListItem\",\"position\":1,\"name\":\"Home\",\"item\":\"https:\\\/\\\/duelingnexus.com\\\/blog\\\/\"},{\"@type\":\"ListItem\",\"position\":2,\"name\":\"Dueling Nexus &#8211; Juego gratuito de Yu-Gi-Oh! Online\"}]},{\"@type\":\"WebSite\",\"@id\":\"https:\\\/\\\/duelingnexus.com\\\/blog\\\/#website\",\"url\":\"https:\\\/\\\/duelingnexus.com\\\/blog\\\/\",\"name\":\"Yu-Gi-Oh! Dueling Nexus - Free Yu-Gi-Oh! Online Game\",\"description\":\"\",\"publisher\":{\"@id\":\"https:\\\/\\\/duelingnexus.com\\\/blog\\\/#organization\"},\"potentialAction\":[{\"@type\":\"SearchAction\",\"target\":{\"@type\":\"EntryPoint\",\"urlTemplate\":\"https:\\\/\\\/duelingnexus.com\\\/blog\\\/?s={search_term_string}\"},\"query-input\":{\"@type\":\"PropertyValueSpecification\",\"valueRequired\":true,\"valueName\":\"search_term_string\"}}],\"inLanguage\":\"en-CA\"},{\"@type\":\"Organization\",\"@id\":\"https:\\\/\\\/duelingnexus.com\\\/blog\\\/#organization\",\"name\":\"Dueling Nexus\",\"url\":\"https:\\\/\\\/duelingnexus.com\\\/blog\\\/\",\"logo\":{\"@type\":\"ImageObject\",\"inLanguage\":\"en-CA\",\"@id\":\"https:\\\/\\\/duelingnexus.com\\\/blog\\\/#\\\/schema\\\/logo\\\/image\\\/\",\"url\":\"https:\\\/\\\/duelingnexus.com\\\/blog\\\/wp-content\\\/uploads\\\/2023\\\/05\\\/logo.png\",\"contentUrl\":\"https:\\\/\\\/duelingnexus.com\\\/blog\\\/wp-content\\\/uploads\\\/2023\\\/05\\\/logo.png\",\"width\":1552,\"height\":844,\"caption\":\"Dueling Nexus\"},\"image\":{\"@id\":\"https:\\\/\\\/duelingnexus.com\\\/blog\\\/#\\\/schema\\\/logo\\\/image\\\/\"},\"sameAs\":[\"https:\\\/\\\/www.facebook.com\\\/DuelingNexusOfficial\\\/\",\"https:\\\/\\\/x.com\\\/Dueling_Nexus\",\"https:\\\/\\\/www.youtube.com\\\/c\\\/DuelingNexus\"]}]}<\/script>\n<!-- \/ Yoast SEO plugin. -->","yoast_head_json":{"title":"Dueling Nexus - Juego gratuito de Yu-Gi-Oh! Online","description":"Dueling Nexus es un juego gratis en linea de Yu-Gi-Oh! Dueling Nexus est\u00e1 automatizado, lo que lo convierte en la plataforma perfecta para probar cartas y aprender el juego.","robots":{"index":"index","follow":"follow","max-snippet":"max-snippet:-1","max-image-preview":"max-image-preview:large","max-video-preview":"max-video-preview:-1"},"canonical":"https:\/\/duelingnexus.com\/blog\/dueling-nexus-juego-gratuito-de-yu-gi-oh-online\/","og_locale":"en_US","og_type":"article","og_title":"Dueling Nexus - Juego gratuito de Yu-Gi-Oh! Online","og_description":"Dueling Nexus es un juego gratis en linea de Yu-Gi-Oh! Dueling Nexus est\u00e1 automatizado, lo que lo convierte en la plataforma perfecta para probar cartas y aprender el juego.","og_url":"https:\/\/duelingnexus.com\/blog\/dueling-nexus-juego-gratuito-de-yu-gi-oh-online\/","og_site_name":"Yu-Gi-Oh! Dueling Nexus - Free Yu-Gi-Oh! Online Game","article_publisher":"https:\/\/www.facebook.com\/DuelingNexusOfficial\/","article_modified_time":"2023-11-15T06:16:06+00:00","og_image":[{"url":"https:\/\/duelingnexus.com\/blog\/wp-content\/uploads\/2023\/05\/Yugioh-Game-1024x576.png","type":"","width":"","height":""}],"twitter_card":"summary_large_image","twitter_site":"@Dueling_Nexus","twitter_misc":{"Est. reading time":"2 minutes"},"schema":{"@context":"https:\/\/schema.org","@graph":[{"@type":"WebPage","@id":"https:\/\/duelingnexus.com\/blog\/dueling-nexus-juego-gratuito-de-yu-gi-oh-online\/","url":"https:\/\/duelingnexus.com\/blog\/dueling-nexus-juego-gratuito-de-yu-gi-oh-online\/","name":"Dueling Nexus - Juego gratuito de Yu-Gi-Oh! Online","isPartOf":{"@id":"https:\/\/duelingnexus.com\/blog\/#website"},"primaryImageOfPage":{"@id":"https:\/\/duelingnexus.com\/blog\/dueling-nexus-juego-gratuito-de-yu-gi-oh-online\/#primaryimage"},"image":{"@id":"https:\/\/duelingnexus.com\/blog\/dueling-nexus-juego-gratuito-de-yu-gi-oh-online\/#primaryimage"},"thumbnailUrl":"https:\/\/duelingnexus.com\/blog\/wp-content\/uploads\/2023\/05\/Yugioh-Game-1024x576.png","datePublished":"2023-11-15T06:13:18+00:00","dateModified":"2023-11-15T06:16:06+00:00","description":"Dueling Nexus es un juego gratis en linea de Yu-Gi-Oh! Dueling Nexus est\u00e1 automatizado, lo que lo convierte en la plataforma perfecta para probar cartas y aprender el juego.","breadcrumb":{"@id":"https:\/\/duelingnexus.com\/blog\/dueling-nexus-juego-gratuito-de-yu-gi-oh-online\/#breadcrumb"},"inLanguage":"en-CA","potentialAction":[{"@type":"ReadAction","target":["https:\/\/duelingnexus.com\/blog\/dueling-nexus-juego-gratuito-de-yu-gi-oh-online\/"]}]},{"@type":"ImageObject","inLanguage":"en-CA","@id":"https:\/\/duelingnexus.com\/blog\/dueling-nexus-juego-gratuito-de-yu-gi-oh-online\/#primaryimage","url":"https:\/\/duelingnexus.com\/blog\/wp-content\/uploads\/2023\/05\/Yugioh-Game.png","contentUrl":"https:\/\/duelingnexus.com\/blog\/wp-content\/uploads\/2023\/05\/Yugioh-Game.png","width":1920,"height":1080},{"@type":"BreadcrumbList","@id":"https:\/\/duelingnexus.com\/blog\/dueling-nexus-juego-gratuito-de-yu-gi-oh-online\/#breadcrumb","itemListElement":[{"@type":"ListItem","position":1,"name":"Home","item":"https:\/\/duelingnexus.com\/blog\/"},{"@type":"ListItem","position":2,"name":"Dueling Nexus &#8211; Juego gratuito de Yu-Gi-Oh! Online"}]},{"@type":"WebSite","@id":"https:\/\/duelingnexus.com\/blog\/#website","url":"https:\/\/duelingnexus.com\/blog\/","name":"Yu-Gi-Oh! Dueling Nexus - Free Yu-Gi-Oh! Online Game","description":"","publisher":{"@id":"https:\/\/duelingnexus.com\/blog\/#organization"},"potentialAction":[{"@type":"SearchAction","target":{"@type":"EntryPoint","urlTemplate":"https:\/\/duelingnexus.com\/blog\/?s={search_term_string}"},"query-input":{"@type":"PropertyValueSpecification","valueRequired":true,"valueName":"search_term_string"}}],"inLanguage":"en-CA"},{"@type":"Organization","@id":"https:\/\/duelingnexus.com\/blog\/#organization","name":"Dueling Nexus","url":"https:\/\/duelingnexus.com\/blog\/","logo":{"@type":"ImageObject","inLanguage":"en-CA","@id":"https:\/\/duelingnexus.com\/blog\/#\/schema\/logo\/image\/","url":"https:\/\/duelingnexus.com\/blog\/wp-content\/uploads\/2023\/05\/logo.png","contentUrl":"https:\/\/duelingnexus.com\/blog\/wp-content\/uploads\/2023\/05\/logo.png","width":1552,"height":844,"caption":"Dueling Nexus"},"image":{"@id":"https:\/\/duelingnexus.com\/blog\/#\/schema\/logo\/image\/"},"sameAs":["https:\/\/www.facebook.com\/DuelingNexusOfficial\/","https:\/\/x.com\/Dueling_Nexus","https:\/\/www.youtube.com\/c\/DuelingNexus"]}]}},"_links":{"self":[{"href":"https:\/\/duelingnexus.com\/blog\/wp-json\/wp\/v2\/pages\/2018","targetHints":{"allow":["GET"]}}],"collection":[{"href":"https:\/\/duelingnexus.com\/blog\/wp-json\/wp\/v2\/pages"}],"about":[{"href":"https:\/\/duelingnexus.com\/blog\/wp-json\/wp\/v2\/types\/page"}],"author":[{"embeddable":true,"href":"https:\/\/duelingnexus.com\/blog\/wp-json\/wp\/v2\/users\/1"}],"replies":[{"embeddable":true,"href":"https:\/\/duelingnexus.com\/blog\/wp-json\/wp\/v2\/comments?post=2018"}],"version-history":[{"count":1,"href":"https:\/\/duelingnexus.com\/blog\/wp-json\/wp\/v2\/pages\/2018\/revisions"}],"predecessor-version":[{"id":2023,"href":"https:\/\/duelingnexus.com\/blog\/wp-json\/wp\/v2\/pages\/2018\/revisions\/2023"}],"wp:attachment":[{"href":"https:\/\/duelingnexus.com\/blog\/wp-json\/wp\/v2\/media?parent=2018"}],"curies":[{"name":"wp","href":"https:\/\/api.w.org\/{rel}","templated":true}]}}